{"id":1097,"date":"2023-04-26T12:06:49","date_gmt":"2023-04-26T12:06:49","guid":{"rendered":"https:\/\/primetaxi.it\/?page_id=1097"},"modified":"2023-04-26T12:20:15","modified_gmt":"2023-04-26T12:20:15","slug":"privacy-policy","status":"publish","type":"page","link":"https:\/\/primetaxi.it\/it\/privacy-policy\/","title":{"rendered":"politica sulla riservatezza"},"content":{"rendered":"<div data-elementor-type=\"wp-page\" data-elementor-id=\"1097\" class=\"elementor elementor-1097\">\n\t\t\t\t\t\t\t\t\t<section class=\"elementor-section elementor-top-section elementor-element elementor-element-c5f3a6f elementor-section-boxed elementor-section-height-default elementor-section-height-default wd-section-disabled\" data-id=\"c5f3a6f\" data-element_type=\"section\">\n\t\t\t\t\t\t<div class=\"elementor-container elementor-column-gap-default\">\n\t\t\t\t\t<div class=\"elementor-column elementor-col-100 elementor-top-column elementor-element elementor-element-9c863f0\" data-id=\"9c863f0\" data-element_type=\"column\">\n\t\t\t<div class=\"elementor-widget-wrap elementor-element-populated\">\n\t\t\t\t\t\t\t\t<div class=\"elementor-element elementor-element-452e344 elementor-widget elementor-widget-wd_title\" data-id=\"452e344\" data-element_type=\"widget\" data-widget_type=\"wd_title.default\">\n\t\t\t\t<div class=\"elementor-widget-container\">\n\t\t\t\t\t\t<link rel=\"stylesheet\" id=\"wd-section-title-css\" href=\"https:\/\/primetaxi.it\/wp-content\/themes\/Travel\/css\/parts\/el-section-title.min.css?ver=1.0.1\" type=\"text\/css\" media=\"all\" \/> \t\t\t\t\t<div class=\"title-wrapper set-mb-s reset-last-child wd-title-color-default wd-title-style-default wd-title-size-default text-left\">\n\n\t\t\t\n\t\t\t<div class=\"liner-continer\">\n\t\t\t\t<h4 class=\"woodmart-title-container title wd-fontsize-l\">politica sulla riservatezza<\/h4> \n\t\t\t\t\t\t\t<\/div>\n\n\t\t\t\t\t<\/div>\n\t\t\t\t<\/div>\n\t\t\t\t<\/div>\n\t\t\t\t<div class=\"elementor-element elementor-element-d1f6cf8 color-scheme-inherit text-left elementor-widget elementor-widget-text-editor\" data-id=\"d1f6cf8\" data-element_type=\"widget\" data-widget_type=\"text-editor.default\">\n\t\t\t\t<div class=\"elementor-widget-container\">\n\t\t\t<style>\/*! elementor - v3.11.2 - 22-02-2023 *\/\n.elementor-widget-text-editor.elementor-drop-cap-view-stacked .elementor-drop-cap{background-color:#818a91;color:#fff}.elementor-widget-text-editor.elementor-drop-cap-view-framed .elementor-drop-cap{color:#818a91;border:3px solid;background-color:transparent}.elementor-widget-text-editor:not(.elementor-drop-cap-view-default) .elementor-drop-cap{margin-top:8px}.elementor-widget-text-editor:not(.elementor-drop-cap-view-default) .elementor-drop-cap-letter{width:1em;height:1em}.elementor-widget-text-editor .elementor-drop-cap{float:left;text-align:center;line-height:1;font-size:50px}.elementor-widget-text-editor .elementor-drop-cap-letter{display:inline-block}<\/style>\t\t\t\t<p>Ai sensi dell&#039;art. 13 del D.Lgs. n. N. 196 del 30 giugno 2003 (\u201cCodice in materia di protezione dei dati personali\u201d \u2013 Codice in materia di protezione dei dati personali, di seguito \u201cla Legge\u201d) e alle disposizioni del Regolamento (UE) 2016\/679 (\u201cRegolamento in materia di protezione delle persone fisiche con riguardo al trattamento dei dati personali e alla libera circolazione di tali dati\u201d, di seguito \u201cEU GDPR\u201d), si informa che Study Abroad Italy, Inc., DBA SAI Programs (di seguito \u201cSAI\u201d), in qualit\u00e0 di Titolare del trattamento in Italia, ai sensi dell&#039;art. 29 della suddetta Legge, del trattamento dei Suoi dati e informazioni personali, \u00e8 tenuta a fornirLe le seguenti informazioni:<br \/>1. Tutti i dati personali che hai fornito a SAI, nonch\u00e9 a qualsiasi entit\u00e0 da cui sono raccolti i dati personali, e tutti gli ulteriori dati forniti al fine di consentire la pianificazione e l&#039;organizzazione dei programmi di studio all&#039;estero di SAI con scuole ospitanti in Italia, e finalizzati allo svolgimento dei servizi accademici a Lei forniti, saranno trattati e gestiti da SAI in conformit\u00e0 alle proprie politiche e alla citata Legge e al GDPR UE, e nel rispetto dei principi di correttezza, liceit\u00e0, trasparenza, limitazione delle finalit\u00e0, esattezza, limitazione della conservazione, integrit\u00e0 e riservatezza e responsabilit\u00e0, nonch\u00e9 la massima tutela della tua privacy; il trattamento dei dati sensibili avverr\u00e0 solo in relazione a dati relativi al Suo stato di salute (quali malattie, allergie, intolleranze alimentari) oa dati giudiziari.<br \/>2. I dati vengono raccolti da te, dalla tua rispettiva scuola e dalle parti interessate su tua richiesta. Tali dati verranno trattati esclusivamente per finalit\u00e0 SAI, connesse o connesse alle attivit\u00e0 svolte da SAI, quali corsi di studio in collaborazione con scuole italiane, espletamento delle pratiche burocratiche per il tuo ingresso in Italia, adempimento degli obblighi contrattuali di SAI in relazione al tuo soggiorno di studio all&#039;estero presso le scuole ospitanti in Italia. In particolare i dati forniti o raccolti verranno trattati per le seguenti finalit\u00e0:<br \/>UN. per adempiere agli obblighi previsti da qualsiasi legge applicabile, ivi inclusi i regolamenti o la Normativa dell&#039;Unione Europea;<br \/>B. per eseguire gli obblighi contrattuali con riferimento alla tua iscrizione ai programmi di studio all&#039;estero SAI organizzati con le scuole ospitanti in Italia (quali, a titolo esemplificativo ma non esaustivo, iscrizione ai corsi, voti, tutela della salute e sicurezza degli studenti);<br \/>C. con riferimento ai dati forniti da autorit\u00e0 pubbliche o da strutture ospedaliere qualora si verificasse un incidente o un&#039;aggressione allo studente, al fine di intraprendere le azioni necessarie.<br \/>I dati sensibili relativi al Suo stato di salute e abitudini alimentari verranno trattati esclusivamente al fine di tutelare la sicurezza degli studenti o per adempiere agli obblighi previsti dalla legge, dai regolamenti o dalla normativa dell&#039;Unione Europea; i dati sensibili relativi a provvedimenti giudiziari eventualmente forniti a SAI da parte di organi pubblici saranno trattati esclusivamente per finalit\u00e0 connesse all&#039;emergenza sanitaria o di sicurezza e nel rispetto di ogni applicabile disposizione inderogabile della normativa italiana o dell&#039;Unione Europea.<br \/>3. Il conferimento ed il trattamento dei dati personali \u00e8 necessario per il perseguimento delle finalit\u00e0 sopra specificate.<br \/>4. L&#039;eventuale rifiuto comporter\u00e0 l&#039;impossibilit\u00e0 di svolgere le attivit\u00e0 necessarie e la corretta gestione amministrativa e didattica dei programmi degli studenti necessarie per adempiere agli obblighi contrattuali di SAI in relazione al tuo soggiorno di studio all&#039;estero presso le scuole ospitanti in Italia, nonch\u00e9 agli obblighi imposto dalla legge.<br \/>5. I dati di natura comune saranno raccolti e trattati con modalit\u00e0 automatizzate e\/o manuali nel rispetto di quanto previsto dagli artt. 11 e 31 del Codice in materia di protezione dei dati personali e adottando le relative misure minime di sicurezza, garantendone l&#039;accesso rigorosamente controllato; la raccolta ed il trattamento dei dati sensibili avverr\u00e0 nel rispetto di quanto previsto dagli artt. 11 e 31 del Codice in materia di protezione dei dati personali ed adottando le relative misure minime di sicurezza.<br \/>6. Il trattamento dei dati avverr\u00e0, secondo\u00a0<br \/>ai suddetti punti, all&#039;interno degli uffici delle sedi SAI esclusivamente dedicati ai programmi di studio all&#039;estero SAI; i dati saranno trattati solo dagli incaricati e responsabili delle attivit\u00e0 di SAI e da altri soggetti operanti nelle medesime aree specificate nelle comunicazioni interne, e che trattano i dati per la Sua iscrizione ai corsi, la pubblicazione dei voti e l&#039;elaborazione dei le tue trascrizioni dalla scuola ospitante SAI; i dati sensibili saranno trattati solo all&#039;interno degli uffici delle sedi SAI esclusivamente dedicati ai programmi di studio all&#039;estero SAI, per le finalit\u00e0 sopra specificate, da soggetti ufficialmente incaricati a tale incarico. I dati personali da Lei forniti, ad eccezione dei dati sensibili, potranno essere trasferiti all&#039;estero nei termini, alle condizioni e nei limiti previsti dal Titolo VII della Parte I del Decreto Legislativo n. 196\/2003.<br \/>7. In particolare, i Suoi dati potranno essere comunicati, nel rispetto delle regole sopra indicate, a soggetti pubblici o privati cui gli stessi si rendessero necessari per adempiere ad obblighi previsti da leggi, regolamenti o dalla normativa comunitaria; i dati sensibili potranno essere comunicati a Enti ed Autorit\u00e0 Pubbliche (quali Aziende USL o Ospedali Pubblici, Autorit\u00e0 di Pubblica Sicurezza, Questure, Tribunali, Magistratura e simili) e a soggetti privati (quali Ospedali e Cliniche private, Preposti alla Sicurezza, Compagnie Assicurative ) solo per finalit\u00e0 inerenti l&#039;emergenza sanitaria e di sicurezza e per l&#039;adempimento di obblighi previsti da leggi, regolamenti e dalla normativa comunitaria.<br \/>8. Il Titolare del trattamento, ai sensi di legge e con particolare riferimento agli obblighi di sicurezza connessi al trattamento automatizzato dei Suoi dati, \u00e8 SAI.<br \/>9. Tutti i dati saranno trattati da SAI in qualit\u00e0 di Titolare del trattamento con la supervisione di Marco Minuti, Responsabile del trattamento, disponibile ai sensi dell&#039;art. 7 del D.Lgs. 196\/2003, contattabile al seguente numero telefonico\/email: +39 371 168 0025 \/ marco@saiprograms.com.<\/p><p>10. Lei potr\u00e0 esercitare tutti gli altri diritti previsti dall&#039;art. 7 del Decreto Legislativo n. 196\/2003 qui di seguito integralmente riportato:<br \/>\u201c1. L&#039;interessato ha diritto di ottenere la conferma dell&#039;esistenza o meno di dati personali che lo riguardano, anche se non ancora registrati, e la loro comunicazione in forma intelligibile.<br \/>2. L&#039;interessato ha diritto di ottenere l&#039;indicazione: a) dell&#039;origine dei dati personali; b) delle finalit\u00e0 e modalit\u00e0 del trattamento; c) della logica applicata in caso di trattamento effettuato con l&#039;ausilio di strumenti elettronici; d) degli estremi identificativi del titolare, dei responsabili e del rappresentante designato ai sensi dell&#039;art. 5 comma 2; e) degli enti e delle categorie di enti ai quali i dati personali possono essere comunicati o che possono venirne a conoscenza in qualit\u00e0 di rappresentante designato nel territorio dello Stato, di responsabili e incaricati.<br \/>3. L&#039;interessato ha diritto di ottenere: a) l&#039;aggiornamento, la rettificazione ovvero, quando vi ha interesse, l&#039;integrazione dei dati; b) la cancellazione, la trasformazione in forma anonima o il blocco dei dati trattati in violazione di legge, compresi quelli di cui non \u00e8 necessaria la conservazione in relazione agli scopi per i quali i dati sono stati raccolti o successivamente trattati; c) l&#039;attestazione che le operazioni di cui alle lettere a) e b), anche per quanto riguarda il loro contenuto, sono state portate a conoscenza di coloro ai quali i dati sono stati comunicati o diffusi, eccettuato il caso in cui tale adempimento si rivela impossibile o ne richiede l&#039;esercizio uso di mezzi manifestamente sproporzionato rispetto al diritto tutelato.<br \/>4. l&#039;interessato ha diritto di opporsi, in tutto o in parte: a) per motivi legittimi al trattamento dei dati personali che lo riguardano, ancorch\u00e9 pertinenti allo scopo della raccolta; b) al trattamento di dati personali che lo riguardano a fini di invio di materiale pubblicitario o di vendita diretta o per il compimento di ricerche di mercato o di comunicazione commerciale.<br \/>L&#039;interessato pu\u00f2 esercitare i diritti di cui all&#039;art. 7 del D.lgs<br \/>196\/2003, (aggiornamento, rettifica, integrazione, cancellazione, trasformazione, trasformazione in forma anonima o blocco dei dati trattati in violazione di legge, opposizione, richiesta di informazioni di cui all&#039;art. 1 e di cui alle lettere a), b), c), d) e 2) 2nd section, contattando SAI, 7160 Keating Avenue, Sebastopol, CA 95472, USA \u2013 o inviando una e-mail al seguente indirizzo: mail@saiprograms.com.<br \/>Puoi leggere il Regolamento (UE) 2016\/679 su: http:\/\/ec.europa.eu\/justice\/data-protection\/reform\/files\/regulation_oj_en.pdf<br \/>11. Si informa inoltre che:<br \/>UN. il periodo per il quale i tuoi dati personali saranno conservati sar\u00e0 da ora fino a 20 anni dopo il completamento del tuo programma di studio all&#039;estero.<br \/>B. puoi revocare il tuo consenso, se di seguito concesso, in qualsiasi momento e anche solo oralmente, ma ci\u00f2 non pregiudicher\u00e0 la liceit\u00e0 del trattamento dei tuoi dati personali basata sul consenso prestato prima della revoca.<br \/>C. hai diritti legali e rimedi contro qualsiasi violazione della tua privacy personale ai sensi degli articoli da 77 a 84 del GDPR dell&#039;UE.<\/p>\t\t\t\t\t\t<\/div>\n\t\t\t\t<\/div>\n\t\t\t\t\t<\/div>\n\t\t<\/div>\n\t\t\t\t\t\t\t<\/div>\n\t\t<\/section>\n\t\t\t\t\t\t\t<\/div>","protected":false},"excerpt":{"rendered":"<p>Privacy Policy Pursuant to the terms and conditions of Section 13 of D.Lgs. n. 196 of 30th June 2003 (\u201cCodice<\/p>","protected":false},"author":1,"featured_media":0,"parent":0,"menu_order":0,"comment_status":"closed","ping_status":"closed","template":"","meta":{"footnotes":""},"_links":{"self":[{"href":"https:\/\/primetaxi.it\/it\/wp-json\/wp\/v2\/pages\/1097"}],"collection":[{"href":"https:\/\/primetaxi.it\/it\/wp-json\/wp\/v2\/pages"}],"about":[{"href":"https:\/\/primetaxi.it\/it\/wp-json\/wp\/v2\/types\/page"}],"author":[{"embeddable":true,"href":"https:\/\/primetaxi.it\/it\/wp-json\/wp\/v2\/users\/1"}],"replies":[{"embeddable":true,"href":"https:\/\/primetaxi.it\/it\/wp-json\/wp\/v2\/comments?post=1097"}],"version-history":[{"count":0,"href":"https:\/\/primetaxi.it\/it\/wp-json\/wp\/v2\/pages\/1097\/revisions"}],"wp:attachment":[{"href":"https:\/\/primetaxi.it\/it\/wp-json\/wp\/v2\/media?parent=1097"}],"curies":[{"name":"wp","href":"https:\/\/api.w.org\/{rel}","templated":true}]}}