{"id":583,"date":"2023-03-12T17:38:01","date_gmt":"2023-03-12T17:38:01","guid":{"rendered":"https:\/\/primetaxi.it\/?page_id=583"},"modified":"2023-04-18T11:41:14","modified_gmt":"2023-04-18T11:41:14","slug":"lake-garda","status":"publish","type":"page","link":"https:\/\/primetaxi.it\/it\/lake-garda\/","title":{"rendered":"Lago di Garda"},"content":{"rendered":"<div data-elementor-type=\"wp-page\" data-elementor-id=\"583\" class=\"elementor elementor-583\">\n\t\t\t\t\t\t\t\t\t<section class=\"elementor-section elementor-top-section elementor-element elementor-element-250481d elementor-section-boxed elementor-section-height-default elementor-section-height-default wd-section-disabled\" data-id=\"250481d\" data-element_type=\"section\">\n\t\t\t\t\t\t<div class=\"elementor-container elementor-column-gap-default\">\n\t\t\t\t\t<div class=\"elementor-column elementor-col-100 elementor-top-column elementor-element elementor-element-1c01373\" data-id=\"1c01373\" data-element_type=\"column\">\n\t\t\t<div class=\"elementor-widget-wrap elementor-element-populated\">\n\t\t\t\t\t\t\t\t<div class=\"elementor-element elementor-element-bccab10 elementor-widget elementor-widget-wd_title\" data-id=\"bccab10\" data-element_type=\"widget\" data-widget_type=\"wd_title.default\">\n\t\t\t\t<div class=\"elementor-widget-container\">\n\t\t\t\t\t\t<link rel=\"stylesheet\" id=\"wd-section-title-css\" href=\"https:\/\/primetaxi.it\/wp-content\/themes\/Travel\/css\/parts\/el-section-title.min.css?ver=1.0.1\" type=\"text\/css\" media=\"all\" \/> \t\t\t\t\t<div class=\"title-wrapper set-mb-s reset-last-child wd-title-color-default wd-title-style-default wd-title-size-default text-left\">\n\n\t\t\t\n\t\t\t<div class=\"liner-continer\">\n\t\t\t\t<h4 class=\"woodmart-title-container title wd-fontsize-l\">Lago di Garda<\/h4> \n\t\t\t\t\t\t\t<\/div>\n\n\t\t\t\t\t<\/div>\n\t\t\t\t<\/div>\n\t\t\t\t<\/div>\n\t\t\t\t<section class=\"wd-negative-gap elementor-section elementor-inner-section elementor-element elementor-element-c5037ac elementor-section-content-middle elementor-section-boxed elementor-section-height-default elementor-section-height-default wd-section-disabled\" data-id=\"c5037ac\" data-element_type=\"section\">\n\t\t\t\t\t\t<div class=\"elementor-container elementor-column-gap-default\">\n\t\t\t\t\t<div class=\"elementor-column elementor-col-50 elementor-inner-column elementor-element elementor-element-032e2af\" data-id=\"032e2af\" data-element_type=\"column\">\n\t\t\t<div class=\"elementor-widget-wrap elementor-element-populated\">\n\t\t\t\t\t\t\t\t<div class=\"elementor-element elementor-element-52110d2 color-scheme-inherit text-left elementor-widget elementor-widget-text-editor\" data-id=\"52110d2\" data-element_type=\"widget\" data-widget_type=\"text-editor.default\">\n\t\t\t\t<div class=\"elementor-widget-container\">\n\t\t\t<style>\/*! elementor - v3.11.2 - 22-02-2023 *\/\n.elementor-widget-text-editor.elementor-drop-cap-view-stacked .elementor-drop-cap{background-color:#818a91;color:#fff}.elementor-widget-text-editor.elementor-drop-cap-view-framed .elementor-drop-cap{color:#818a91;border:3px solid;background-color:transparent}.elementor-widget-text-editor:not(.elementor-drop-cap-view-default) .elementor-drop-cap{margin-top:8px}.elementor-widget-text-editor:not(.elementor-drop-cap-view-default) .elementor-drop-cap-letter{width:1em;height:1em}.elementor-widget-text-editor .elementor-drop-cap{float:left;text-align:center;line-height:1;font-size:50px}.elementor-widget-text-editor .elementor-drop-cap-letter{display:inline-block}<\/style>\t\t\t\t<p>Il Lago di Garda \u00e8 una delle localit\u00e0 turistiche pi\u00f9 popolari in Italia, grazie alla sua bellissima natura, alle citt\u00e0 storiche e al ricco patrimonio culturale. Lungo la riva del lago ci sono molti piccoli villaggi dove i visitatori possono gustare la cucina locale e conoscere la cultura.<\/p><p>Il Lago di Garda attira anche gli amanti del tempo libero attivo, con vari sport acquatici come windsurf, parasailing, navigazione e molti altri. Il lago offre molte opportunit\u00e0 anche per gli appassionati di escursioni a piedi e in bicicletta.<\/p><p>Una delle principali attrazioni del Lago di Garda \u00e8 Sirmione con il suo Castello Scaligero,  costruito nel 13 \u00b0 secolo, rovine romane, musei, giardini e molto altro.<\/p><p>In generale, il Lago di Garda \u00e8 un luogo meraviglioso per il relax e il turismo, dove i visitatori possono godere della bellezza della natura e della cultura italiana.<\/p>\t\t\t\t\t\t<\/div>\n\t\t\t\t<\/div>\n\t\t\t\t\t<\/div>\n\t\t<\/div>\n\t\t\t\t<div class=\"elementor-column elementor-col-50 elementor-inner-column elementor-element elementor-element-0e60d8b\" data-id=\"0e60d8b\" data-element_type=\"column\">\n\t\t\t<div class=\"elementor-widget-wrap elementor-element-populated\">\n\t\t\t\t\t\t\t\t<div class=\"elementor-element elementor-element-4132e23 elementor-widget elementor-widget-image\" data-id=\"4132e23\" data-element_type=\"widget\" data-widget_type=\"image.default\">\n\t\t\t\t<div class=\"elementor-widget-container\">\n\t\t\t<style>\/*! elementor - v3.11.2 - 22-02-2023 *\/\n.elementor-widget-image{text-align:center}.elementor-widget-image a{display:inline-block}.elementor-widget-image a img[src$=\".svg\"]{width:48px}.elementor-widget-image img{vertical-align:middle;display:inline-block}<\/style>\t\t\t\t\t\t\t\t\t\t\t\t<img loading=\"lazy\" decoding=\"async\" width=\"1000\" height=\"667\" src=\"https:\/\/primetaxi.it\/wp-content\/uploads\/2023\/03\/Lake-Guarda.jpg\" class=\"attachment-large size-large wp-image-212\" alt=\"\" srcset=\"https:\/\/primetaxi.it\/wp-content\/uploads\/2023\/03\/Lake-Guarda.jpg 1000w, https:\/\/primetaxi.it\/wp-content\/uploads\/2023\/03\/Lake-Guarda-300x200.jpg 300w, https:\/\/primetaxi.it\/wp-content\/uploads\/2023\/03\/Lake-Guarda-768x512.jpg 768w, https:\/\/primetaxi.it\/wp-content\/uploads\/2023\/03\/Lake-Guarda-18x12.jpg 18w\" sizes=\"(max-width: 1000px) 100vw, 1000px\" \/>\t\t\t\t\t\t\t\t\t\t\t\t\t\t\t<\/div>\n\t\t\t\t<\/div>\n\t\t\t\t\t<\/div>\n\t\t<\/div>\n\t\t\t\t\t\t\t<\/div>\n\t\t<\/section>\n\t\t\t\t\t<\/div>\n\t\t<\/div>\n\t\t\t\t\t\t\t<\/div>\n\t\t<\/section>\n\t\t\t\t\t\t\t<\/div>","protected":false},"excerpt":{"rendered":"<p>Lake Garda Lake Garda is one of the most popular resorts in Italy, thanks to its beautiful nature, historical towns,<\/p>","protected":false},"author":1,"featured_media":0,"parent":0,"menu_order":0,"comment_status":"closed","ping_status":"closed","template":"","meta":{"footnotes":""},"_links":{"self":[{"href":"https:\/\/primetaxi.it\/it\/wp-json\/wp\/v2\/pages\/583"}],"collection":[{"href":"https:\/\/primetaxi.it\/it\/wp-json\/wp\/v2\/pages"}],"about":[{"href":"https:\/\/primetaxi.it\/it\/wp-json\/wp\/v2\/types\/page"}],"author":[{"embeddable":true,"href":"https:\/\/primetaxi.it\/it\/wp-json\/wp\/v2\/users\/1"}],"replies":[{"embeddable":true,"href":"https:\/\/primetaxi.it\/it\/wp-json\/wp\/v2\/comments?post=583"}],"version-history":[{"count":0,"href":"https:\/\/primetaxi.it\/it\/wp-json\/wp\/v2\/pages\/583\/revisions"}],"wp:attachment":[{"href":"https:\/\/primetaxi.it\/it\/wp-json\/wp\/v2\/media?parent=583"}],"curies":[{"name":"wp","href":"https:\/\/api.w.org\/{rel}","templated":true}]}}