{"id":593,"date":"2023-03-12T17:38:53","date_gmt":"2023-03-12T17:38:53","guid":{"rendered":"https:\/\/primetaxi.it\/?page_id=593"},"modified":"2023-04-18T11:52:19","modified_gmt":"2023-04-18T11:52:19","slug":"italian-alps","status":"publish","type":"page","link":"https:\/\/primetaxi.it\/it\/italian-alps\/","title":{"rendered":"Alpi italiane"},"content":{"rendered":"<div data-elementor-type=\"wp-page\" data-elementor-id=\"593\" class=\"elementor elementor-593\">\n\t\t\t\t\t\t\t\t\t<section class=\"elementor-section elementor-top-section elementor-element elementor-element-df2a710 elementor-section-content-middle elementor-section-boxed elementor-section-height-default elementor-section-height-default wd-section-disabled\" data-id=\"df2a710\" data-element_type=\"section\">\n\t\t\t\t\t\t<div class=\"elementor-container elementor-column-gap-default\">\n\t\t\t\t\t<div class=\"elementor-column elementor-col-100 elementor-top-column elementor-element elementor-element-e7f8993\" data-id=\"e7f8993\" data-element_type=\"column\">\n\t\t\t<div class=\"elementor-widget-wrap elementor-element-populated\">\n\t\t\t\t\t\t\t\t<div class=\"elementor-element elementor-element-eb5a2b1 elementor-widget elementor-widget-wd_title\" data-id=\"eb5a2b1\" data-element_type=\"widget\" data-widget_type=\"wd_title.default\">\n\t\t\t\t<div class=\"elementor-widget-container\">\n\t\t\t\t\t\t<link rel=\"stylesheet\" id=\"wd-section-title-css\" href=\"https:\/\/primetaxi.it\/wp-content\/themes\/Travel\/css\/parts\/el-section-title.min.css?ver=1.0.1\" type=\"text\/css\" media=\"all\" \/> \t\t\t\t\t<div class=\"title-wrapper set-mb-s reset-last-child wd-title-color-default wd-title-style-default wd-title-size-default text-left\">\n\n\t\t\t\n\t\t\t<div class=\"liner-continer\">\n\t\t\t\t<h4 class=\"woodmart-title-container title wd-fontsize-l\">Alpi italiane<br \/>\n<\/h4> \n\t\t\t\t\t\t\t<\/div>\n\n\t\t\t\t\t<\/div>\n\t\t\t\t<\/div>\n\t\t\t\t<\/div>\n\t\t\t\t<section class=\"wd-negative-gap elementor-section elementor-inner-section elementor-element elementor-element-19ffa2e elementor-section-content-middle elementor-section-boxed elementor-section-height-default elementor-section-height-default wd-section-disabled\" data-id=\"19ffa2e\" data-element_type=\"section\">\n\t\t\t\t\t\t<div class=\"elementor-container elementor-column-gap-default\">\n\t\t\t\t\t<div class=\"elementor-column elementor-col-50 elementor-inner-column elementor-element elementor-element-509d934\" data-id=\"509d934\" data-element_type=\"column\">\n\t\t\t<div class=\"elementor-widget-wrap elementor-element-populated\">\n\t\t\t\t\t\t\t\t<div class=\"elementor-element elementor-element-06a02e9 color-scheme-inherit text-left elementor-widget elementor-widget-text-editor\" data-id=\"06a02e9\" data-element_type=\"widget\" data-widget_type=\"text-editor.default\">\n\t\t\t\t<div class=\"elementor-widget-container\">\n\t\t\t<style>\/*! elementor - v3.11.2 - 22-02-2023 *\/\n.elementor-widget-text-editor.elementor-drop-cap-view-stacked .elementor-drop-cap{background-color:#818a91;color:#fff}.elementor-widget-text-editor.elementor-drop-cap-view-framed .elementor-drop-cap{color:#818a91;border:3px solid;background-color:transparent}.elementor-widget-text-editor:not(.elementor-drop-cap-view-default) .elementor-drop-cap{margin-top:8px}.elementor-widget-text-editor:not(.elementor-drop-cap-view-default) .elementor-drop-cap-letter{width:1em;height:1em}.elementor-widget-text-editor .elementor-drop-cap{float:left;text-align:center;line-height:1;font-size:50px}.elementor-widget-text-editor .elementor-drop-cap-letter{display:inline-block}<\/style>\t\t\t\t<p>Le Alpi italiane sono una catena montuosa nel nord Italia, che si estende per oltre 1.200 chilometri dalla costa occidentale al confine orientale del paese. Le Alpi abbracciano diverse regioni d&#039;Italia, tra cui Lombardia, Trentino-Alto Adige, Veneto e Friuli-Venezia Giulia.<\/p><p>Le Alpi italiane sono un paesaggio unico che comprende fitte foreste, ghiacciai, alte cime montuose e laghi cristallini. Questa regione offre numerose opportunit\u00e0 per il tempo libero e l&#039;intrattenimento, come gli sport invernali tra cui lo sci e lo snowboard, cos\u00ec come gli sport estivi come l&#039;alpinismo, il ciclismo e l&#039;escursionismo.<\/p><p>Una delle localit\u00e0 montane pi\u00f9 famose delle Alpi italiane \u00e8 Courmayeur, che offre varie attivit\u00e0 e una ricca storia culturale. Altri luoghi popolari includono il Lago di Garda, la Valle d&#039;Aosta, le montagne delle Dolomiti e molto altro.<\/p><p>Le Alpi italiane sono una regione unica che offre paesaggi mozzafiato e numerose opportunit\u00e0 di svago e divertimento durante tutto l&#039;anno.<\/p>\t\t\t\t\t\t<\/div>\n\t\t\t\t<\/div>\n\t\t\t\t\t<\/div>\n\t\t<\/div>\n\t\t\t\t<div class=\"elementor-column elementor-col-50 elementor-inner-column elementor-element elementor-element-71e1fa4\" data-id=\"71e1fa4\" data-element_type=\"column\">\n\t\t\t<div class=\"elementor-widget-wrap elementor-element-populated\">\n\t\t\t\t\t\t\t\t<div class=\"elementor-element elementor-element-7ef0dc1 elementor-widget elementor-widget-image\" data-id=\"7ef0dc1\" data-element_type=\"widget\" data-widget_type=\"image.default\">\n\t\t\t\t<div class=\"elementor-widget-container\">\n\t\t\t<style>\/*! elementor - v3.11.2 - 22-02-2023 *\/\n.elementor-widget-image{text-align:center}.elementor-widget-image a{display:inline-block}.elementor-widget-image a img[src$=\".svg\"]{width:48px}.elementor-widget-image img{vertical-align:middle;display:inline-block}<\/style>\t\t\t\t\t\t\t\t\t\t\t\t<img loading=\"lazy\" decoding=\"async\" width=\"1024\" height=\"576\" src=\"https:\/\/primetaxi.it\/wp-content\/uploads\/2023\/03\/italian-alps-2021-2-1024x576.jpg\" class=\"attachment-large size-large wp-image-391\" alt=\"\" srcset=\"https:\/\/primetaxi.it\/wp-content\/uploads\/2023\/03\/italian-alps-2021-2-1024x576.jpg 1024w, https:\/\/primetaxi.it\/wp-content\/uploads\/2023\/03\/italian-alps-2021-2-300x169.jpg 300w, https:\/\/primetaxi.it\/wp-content\/uploads\/2023\/03\/italian-alps-2021-2-768x432.jpg 768w, https:\/\/primetaxi.it\/wp-content\/uploads\/2023\/03\/italian-alps-2021-2-18x10.jpg 18w, https:\/\/primetaxi.it\/wp-content\/uploads\/2023\/03\/italian-alps-2021-2.jpg 1500w\" sizes=\"(max-width: 1024px) 100vw, 1024px\" \/>\t\t\t\t\t\t\t\t\t\t\t\t\t\t\t<\/div>\n\t\t\t\t<\/div>\n\t\t\t\t\t<\/div>\n\t\t<\/div>\n\t\t\t\t\t\t\t<\/div>\n\t\t<\/section>\n\t\t\t\t\t<\/div>\n\t\t<\/div>\n\t\t\t\t\t\t\t<\/div>\n\t\t<\/section>\n\t\t\t\t\t\t\t<\/div>","protected":false},"excerpt":{"rendered":"<p>Italian Alps The Italian Alps are a mountain range in northern Italy, stretching for over 1,200 kilometers from the western<\/p>","protected":false},"author":1,"featured_media":0,"parent":0,"menu_order":0,"comment_status":"closed","ping_status":"closed","template":"","meta":{"footnotes":""},"_links":{"self":[{"href":"https:\/\/primetaxi.it\/it\/wp-json\/wp\/v2\/pages\/593"}],"collection":[{"href":"https:\/\/primetaxi.it\/it\/wp-json\/wp\/v2\/pages"}],"about":[{"href":"https:\/\/primetaxi.it\/it\/wp-json\/wp\/v2\/types\/page"}],"author":[{"embeddable":true,"href":"https:\/\/primetaxi.it\/it\/wp-json\/wp\/v2\/users\/1"}],"replies":[{"embeddable":true,"href":"https:\/\/primetaxi.it\/it\/wp-json\/wp\/v2\/comments?post=593"}],"version-history":[{"count":0,"href":"https:\/\/primetaxi.it\/it\/wp-json\/wp\/v2\/pages\/593\/revisions"}],"wp:attachment":[{"href":"https:\/\/primetaxi.it\/it\/wp-json\/wp\/v2\/media?parent=593"}],"curies":[{"name":"wp","href":"https:\/\/api.w.org\/{rel}","templated":true}]}}