{"id":598,"date":"2023-03-12T17:39:15","date_gmt":"2023-03-12T17:39:15","guid":{"rendered":"https:\/\/primetaxi.it\/?page_id=598"},"modified":"2023-04-18T11:59:47","modified_gmt":"2023-04-18T11:59:47","slug":"innsbruck","status":"publish","type":"page","link":"https:\/\/primetaxi.it\/it\/innsbruck\/","title":{"rendered":"Innsbruck"},"content":{"rendered":"<div data-elementor-type=\"wp-page\" data-elementor-id=\"598\" class=\"elementor elementor-598\">\n\t\t\t\t\t\t\t\t\t<section class=\"elementor-section elementor-top-section elementor-element elementor-element-dfe3369 elementor-section-boxed elementor-section-height-default elementor-section-height-default wd-section-disabled\" data-id=\"dfe3369\" data-element_type=\"section\">\n\t\t\t\t\t\t<div class=\"elementor-container elementor-column-gap-default\">\n\t\t\t\t\t<div class=\"elementor-column elementor-col-100 elementor-top-column elementor-element elementor-element-c6d1932\" data-id=\"c6d1932\" data-element_type=\"column\">\n\t\t\t<div class=\"elementor-widget-wrap elementor-element-populated\">\n\t\t\t\t\t\t\t\t<div class=\"elementor-element elementor-element-ad8df20 elementor-widget elementor-widget-wd_title\" data-id=\"ad8df20\" data-element_type=\"widget\" data-widget_type=\"wd_title.default\">\n\t\t\t\t<div class=\"elementor-widget-container\">\n\t\t\t\t\t\t<link rel=\"stylesheet\" id=\"wd-section-title-css\" href=\"https:\/\/primetaxi.it\/wp-content\/themes\/Travel\/css\/parts\/el-section-title.min.css?ver=1.0.1\" type=\"text\/css\" media=\"all\" \/> \t\t\t\t\t<div class=\"title-wrapper set-mb-s reset-last-child wd-title-color-default wd-title-style-default wd-title-size-default text-left\">\n\n\t\t\t\n\t\t\t<div class=\"liner-continer\">\n\t\t\t\t<h4 class=\"woodmart-title-container title wd-fontsize-l\">Innsbruck<\/h4> \n\t\t\t\t\t\t\t<\/div>\n\n\t\t\t\t\t<\/div>\n\t\t\t\t<\/div>\n\t\t\t\t<\/div>\n\t\t\t\t<section class=\"wd-negative-gap elementor-section elementor-inner-section elementor-element elementor-element-ba68c0f elementor-section-content-middle elementor-reverse-mobile elementor-section-boxed elementor-section-height-default elementor-section-height-default wd-section-disabled\" data-id=\"ba68c0f\" data-element_type=\"section\">\n\t\t\t\t\t\t<div class=\"elementor-container elementor-column-gap-default\">\n\t\t\t\t\t<div class=\"elementor-column elementor-col-50 elementor-inner-column elementor-element elementor-element-0ca9723\" data-id=\"0ca9723\" data-element_type=\"column\">\n\t\t\t<div class=\"elementor-widget-wrap elementor-element-populated\">\n\t\t\t\t\t\t\t\t<div class=\"elementor-element elementor-element-a0e9c57 color-scheme-inherit text-left elementor-widget elementor-widget-text-editor\" data-id=\"a0e9c57\" data-element_type=\"widget\" data-widget_type=\"text-editor.default\">\n\t\t\t\t<div class=\"elementor-widget-container\">\n\t\t\t<style>\/*! elementor - v3.11.2 - 22-02-2023 *\/\n.elementor-widget-text-editor.elementor-drop-cap-view-stacked .elementor-drop-cap{background-color:#818a91;color:#fff}.elementor-widget-text-editor.elementor-drop-cap-view-framed .elementor-drop-cap{color:#818a91;border:3px solid;background-color:transparent}.elementor-widget-text-editor:not(.elementor-drop-cap-view-default) .elementor-drop-cap{margin-top:8px}.elementor-widget-text-editor:not(.elementor-drop-cap-view-default) .elementor-drop-cap-letter{width:1em;height:1em}.elementor-widget-text-editor .elementor-drop-cap{float:left;text-align:center;line-height:1;font-size:50px}.elementor-widget-text-editor .elementor-drop-cap-letter{display:inline-block}<\/style>\t\t\t\t<p>Innsbruck \u00e8 una citt\u00e0 dell&#039;Austria occidentale, situata nella regione del Tirolo. Circondata dalle imponenti Alpi, Innsbruck \u00e8 una destinazione popolare per lo sci, l&#039;escursionismo e altre attivit\u00e0 all&#039;aperto.<br \/>La citt\u00e0 stessa \u00e8 ricca di storia e cultura, con un affascinante centro storico caratterizzato da edifici colorati, strade strette e monumenti storici come il Tettuccio d&#039;oro, un famoso balcone ricoperto di tegole di rame placcato oro. Innsbruck \u00e8 anche sede di numerosi musei, gallerie d&#039;arte e istituzioni culturali, come il Museo statale tirolese e il Duomo di Innsbruck.<\/p><p>Una delle attrazioni pi\u00f9 iconiche di Innsbruck \u00e8 il salto con gli sci del Bergisel, che offre viste panoramiche sulla citt\u00e0 e sulle montagne circostanti. Innsbruck \u00e8 nota anche per i suoi mercatini di Natale, che attirano visitatori da tutto il mondo con la loro atmosfera festosa e l&#039;artigianato tradizionale austriaco.<\/p><p>Oltre al suo ricco patrimonio culturale e alle bellezze naturali, Innsbruck \u00e8 una fiorente citt\u00e0 universitaria con una vivace vita notturna e una scena culinaria. I visitatori possono gustare una vasta gamma di specialit\u00e0 locali, come canederli tirolesi, cotolette e strudel di mele, nonch\u00e9 cucina internazionale.<\/p><p>Nel complesso, Innsbruck \u00e8 una destinazione meravigliosa per chi cerca un mix di cultura, storia e avventure all&#039;aria aperta in uno splendido scenario alpino.<\/p>\t\t\t\t\t\t<\/div>\n\t\t\t\t<\/div>\n\t\t\t\t\t<\/div>\n\t\t<\/div>\n\t\t\t\t<div class=\"elementor-column elementor-col-50 elementor-inner-column elementor-element elementor-element-074f0e2\" data-id=\"074f0e2\" data-element_type=\"column\">\n\t\t\t<div class=\"elementor-widget-wrap elementor-element-populated\">\n\t\t\t\t\t\t\t\t<div class=\"elementor-element elementor-element-109bad5 elementor-widget elementor-widget-image\" data-id=\"109bad5\" data-element_type=\"widget\" data-widget_type=\"image.default\">\n\t\t\t\t<div class=\"elementor-widget-container\">\n\t\t\t<style>\/*! elementor - v3.11.2 - 22-02-2023 *\/\n.elementor-widget-image{text-align:center}.elementor-widget-image a{display:inline-block}.elementor-widget-image a img[src$=\".svg\"]{width:48px}.elementor-widget-image img{vertical-align:middle;display:inline-block}<\/style>\t\t\t\t\t\t\t\t\t\t\t\t<img loading=\"lazy\" decoding=\"async\" width=\"710\" height=\"496\" src=\"https:\/\/primetaxi.it\/wp-content\/uploads\/2023\/03\/19026534055a100ab35fabe2.39786131.jpg\" class=\"attachment-large size-large wp-image-909\" alt=\"\" srcset=\"https:\/\/primetaxi.it\/wp-content\/uploads\/2023\/03\/19026534055a100ab35fabe2.39786131.jpg 710w, https:\/\/primetaxi.it\/wp-content\/uploads\/2023\/03\/19026534055a100ab35fabe2.39786131-300x210.jpg 300w, https:\/\/primetaxi.it\/wp-content\/uploads\/2023\/03\/19026534055a100ab35fabe2.39786131-18x12.jpg 18w\" sizes=\"(max-width: 710px) 100vw, 710px\" \/>\t\t\t\t\t\t\t\t\t\t\t\t\t\t\t<\/div>\n\t\t\t\t<\/div>\n\t\t\t\t\t<\/div>\n\t\t<\/div>\n\t\t\t\t\t\t\t<\/div>\n\t\t<\/section>\n\t\t\t\t\t<\/div>\n\t\t<\/div>\n\t\t\t\t\t\t\t<\/div>\n\t\t<\/section>\n\t\t\t\t\t\t\t<\/div>","protected":false},"excerpt":{"rendered":"<p>Innsbruck Innsbruck is a city in western Austria, located in the region of Tyrol. Surrounded by the towering Alps, Innsbruck<\/p>","protected":false},"author":1,"featured_media":0,"parent":0,"menu_order":0,"comment_status":"closed","ping_status":"closed","template":"","meta":{"footnotes":""},"_links":{"self":[{"href":"https:\/\/primetaxi.it\/it\/wp-json\/wp\/v2\/pages\/598"}],"collection":[{"href":"https:\/\/primetaxi.it\/it\/wp-json\/wp\/v2\/pages"}],"about":[{"href":"https:\/\/primetaxi.it\/it\/wp-json\/wp\/v2\/types\/page"}],"author":[{"embeddable":true,"href":"https:\/\/primetaxi.it\/it\/wp-json\/wp\/v2\/users\/1"}],"replies":[{"embeddable":true,"href":"https:\/\/primetaxi.it\/it\/wp-json\/wp\/v2\/comments?post=598"}],"version-history":[{"count":0,"href":"https:\/\/primetaxi.it\/it\/wp-json\/wp\/v2\/pages\/598\/revisions"}],"wp:attachment":[{"href":"https:\/\/primetaxi.it\/it\/wp-json\/wp\/v2\/media?parent=598"}],"curies":[{"name":"wp","href":"https:\/\/api.w.org\/{rel}","templated":true}]}}