{"id":603,"date":"2023-03-12T17:39:41","date_gmt":"2023-03-12T17:39:41","guid":{"rendered":"https:\/\/primetaxi.it\/?page_id=603"},"modified":"2023-03-29T09:41:44","modified_gmt":"2023-03-29T09:41:44","slug":"como","status":"publish","type":"page","link":"https:\/\/primetaxi.it\/it\/como\/","title":{"rendered":"Como"},"content":{"rendered":"<div data-elementor-type=\"wp-page\" data-elementor-id=\"603\" class=\"elementor elementor-603\">\n\t\t\t\t\t\t\t\t\t<section class=\"elementor-section elementor-top-section elementor-element elementor-element-a94fc6c elementor-section-boxed elementor-section-height-default elementor-section-height-default wd-section-disabled\" data-id=\"a94fc6c\" data-element_type=\"section\">\n\t\t\t\t\t\t<div class=\"elementor-container elementor-column-gap-default\">\n\t\t\t\t\t<div class=\"elementor-column elementor-col-100 elementor-top-column elementor-element elementor-element-daa5de3\" data-id=\"daa5de3\" data-element_type=\"column\">\n\t\t\t<div class=\"elementor-widget-wrap elementor-element-populated\">\n\t\t\t\t\t\t\t\t<div class=\"elementor-element elementor-element-7a60402 elementor-widget elementor-widget-wd_title\" data-id=\"7a60402\" data-element_type=\"widget\" data-widget_type=\"wd_title.default\">\n\t\t\t\t<div class=\"elementor-widget-container\">\n\t\t\t\t\t\t<link rel=\"stylesheet\" id=\"wd-section-title-css\" href=\"https:\/\/primetaxi.it\/wp-content\/themes\/Travel\/css\/parts\/el-section-title.min.css?ver=1.0.1\" type=\"text\/css\" media=\"all\" \/> \t\t\t\t\t<div class=\"title-wrapper set-mb-s reset-last-child wd-title-color-default wd-title-style-default wd-title-size-default text-left\">\n\n\t\t\t\n\t\t\t<div class=\"liner-continer\">\n\t\t\t\t<h4 class=\"woodmart-title-container title wd-fontsize-l\">Como<\/h4> \n\t\t\t\t\t\t\t<\/div>\n\n\t\t\t\t\t<\/div>\n\t\t\t\t<\/div>\n\t\t\t\t<\/div>\n\t\t\t\t<section class=\"wd-negative-gap elementor-section elementor-inner-section elementor-element elementor-element-36c7d3f elementor-section-content-middle elementor-section-boxed elementor-section-height-default elementor-section-height-default wd-section-disabled\" data-id=\"36c7d3f\" data-element_type=\"section\">\n\t\t\t\t\t\t<div class=\"elementor-container elementor-column-gap-default\">\n\t\t\t\t\t<div class=\"elementor-column elementor-col-50 elementor-inner-column elementor-element elementor-element-ae9433c\" data-id=\"ae9433c\" data-element_type=\"column\">\n\t\t\t<div class=\"elementor-widget-wrap elementor-element-populated\">\n\t\t\t\t\t\t\t\t<div class=\"elementor-element elementor-element-c96fbea color-scheme-inherit text-left elementor-widget elementor-widget-text-editor\" data-id=\"c96fbea\" data-element_type=\"widget\" data-widget_type=\"text-editor.default\">\n\t\t\t\t<div class=\"elementor-widget-container\">\n\t\t\t<style>\/*! elementor - v3.11.2 - 22-02-2023 *\/\n.elementor-widget-text-editor.elementor-drop-cap-view-stacked .elementor-drop-cap{background-color:#818a91;color:#fff}.elementor-widget-text-editor.elementor-drop-cap-view-framed .elementor-drop-cap{color:#818a91;border:3px solid;background-color:transparent}.elementor-widget-text-editor:not(.elementor-drop-cap-view-default) .elementor-drop-cap{margin-top:8px}.elementor-widget-text-editor:not(.elementor-drop-cap-view-default) .elementor-drop-cap-letter{width:1em;height:1em}.elementor-widget-text-editor .elementor-drop-cap{float:left;text-align:center;line-height:1;font-size:50px}.elementor-widget-text-editor .elementor-drop-cap-letter{display:inline-block}<\/style>\t\t\t\t<p>Il Lago di Como si trova nel nord Italia, vicino al confine con la Svizzera. \u00c8 uno dei laghi pi\u00f9 belli al mondo, circondato da alte montagne, colline verdi e pittoreschi villaggi.<\/p><p>L'acqua del Lago di Como \u00e8 cristallina e profonda, con profondit\u00e0 fino a 410 metri. Il lago \u00e8 molto popolare tra i turisti grazie ai suoi panorami mozzafiato e alle opportunit\u00e0 di relax e divertimento.<\/p><p>I turisti possono godere di splendide viste sul lago e sulle montagne passeggiando lungo il lungolago o lungo la riva del lago, e godersi anche gite in barca o in yacht. Inoltre, ci sono molte attrazioni interessanti nei dintorni del lago, come castelli, chiese cattoliche e monasteri.<\/p><p>Una delle principali citt\u00e0 sul Lago di Como - Como - \u00e8 una popolare localit\u00e0 turistica dove \u00e8 possibile trovare molti ristoranti, caff\u00e8 e negozi. Altre citt\u00e0 sul lago, come Bellagio, Tremezzo e Varenna, sono anche mete turistiche popolari.<\/p><p>Se stai cercando un posto bellissimo e sorprendente per rilassarti, il Lago di Como \u00e8 un'ottima scelta. Offre splendide viste, molte opportunit\u00e0 di relax e divertimento, nonch\u00e9 numerosi luoghi d'interesse nei dintorni.<\/p>\t\t\t\t\t\t<\/div>\n\t\t\t\t<\/div>\n\t\t\t\t\t<\/div>\n\t\t<\/div>\n\t\t\t\t<div class=\"elementor-column elementor-col-50 elementor-inner-column elementor-element elementor-element-807eb7c\" data-id=\"807eb7c\" data-element_type=\"column\">\n\t\t\t<div class=\"elementor-widget-wrap elementor-element-populated\">\n\t\t\t\t\t\t\t\t<div class=\"elementor-element elementor-element-904291b elementor-widget elementor-widget-image\" data-id=\"904291b\" data-element_type=\"widget\" data-widget_type=\"image.default\">\n\t\t\t\t<div class=\"elementor-widget-container\">\n\t\t\t<style>\/*! elementor - v3.11.2 - 22-02-2023 *\/\n.elementor-widget-image{text-align:center}.elementor-widget-image a{display:inline-block}.elementor-widget-image a img[src$=\".svg\"]{width:48px}.elementor-widget-image img{vertical-align:middle;display:inline-block}<\/style>\t\t\t\t\t\t\t\t\t\t\t\t<img loading=\"lazy\" decoding=\"async\" width=\"1024\" height=\"683\" src=\"https:\/\/primetaxi.it\/wp-content\/uploads\/2023\/03\/lake-como-boat-rental-15-1024x683-1.png\" class=\"attachment-large size-large wp-image-754\" alt=\"\" srcset=\"https:\/\/primetaxi.it\/wp-content\/uploads\/2023\/03\/lake-como-boat-rental-15-1024x683-1.png 1024w, https:\/\/primetaxi.it\/wp-content\/uploads\/2023\/03\/lake-como-boat-rental-15-1024x683-1-300x200.png 300w, https:\/\/primetaxi.it\/wp-content\/uploads\/2023\/03\/lake-como-boat-rental-15-1024x683-1-768x512.png 768w, https:\/\/primetaxi.it\/wp-content\/uploads\/2023\/03\/lake-como-boat-rental-15-1024x683-1-18x12.png 18w\" sizes=\"(max-width: 1024px) 100vw, 1024px\" \/>\t\t\t\t\t\t\t\t\t\t\t\t\t\t\t<\/div>\n\t\t\t\t<\/div>\n\t\t\t\t\t<\/div>\n\t\t<\/div>\n\t\t\t\t\t\t\t<\/div>\n\t\t<\/section>\n\t\t\t\t\t<\/div>\n\t\t<\/div>\n\t\t\t\t\t\t\t<\/div>\n\t\t<\/section>\n\t\t\t\t\t\t\t<\/div>","protected":false},"excerpt":{"rendered":"<p>Como Lake Como is located in northern Italy, near the border with Switzerland. It is one of the most beautiful<\/p>","protected":false},"author":1,"featured_media":0,"parent":0,"menu_order":0,"comment_status":"closed","ping_status":"closed","template":"","meta":{"footnotes":""},"_links":{"self":[{"href":"https:\/\/primetaxi.it\/it\/wp-json\/wp\/v2\/pages\/603"}],"collection":[{"href":"https:\/\/primetaxi.it\/it\/wp-json\/wp\/v2\/pages"}],"about":[{"href":"https:\/\/primetaxi.it\/it\/wp-json\/wp\/v2\/types\/page"}],"author":[{"embeddable":true,"href":"https:\/\/primetaxi.it\/it\/wp-json\/wp\/v2\/users\/1"}],"replies":[{"embeddable":true,"href":"https:\/\/primetaxi.it\/it\/wp-json\/wp\/v2\/comments?post=603"}],"version-history":[{"count":0,"href":"https:\/\/primetaxi.it\/it\/wp-json\/wp\/v2\/pages\/603\/revisions"}],"wp:attachment":[{"href":"https:\/\/primetaxi.it\/it\/wp-json\/wp\/v2\/media?parent=603"}],"curies":[{"name":"wp","href":"https:\/\/api.w.org\/{rel}","templated":true}]}}