{"id":609,"date":"2023-03-12T17:40:07","date_gmt":"2023-03-12T17:40:07","guid":{"rendered":"https:\/\/primetaxi.it\/?page_id=609"},"modified":"2023-04-18T12:05:11","modified_gmt":"2023-04-18T12:05:11","slug":"pisa","status":"publish","type":"page","link":"https:\/\/primetaxi.it\/it\/pisa\/","title":{"rendered":"Pisa"},"content":{"rendered":"<div data-elementor-type=\"wp-page\" data-elementor-id=\"609\" class=\"elementor elementor-609\">\n\t\t\t\t\t\t\t\t\t<section class=\"elementor-section elementor-top-section elementor-element elementor-element-4bdfe3d elementor-section-boxed elementor-section-height-default elementor-section-height-default wd-section-disabled\" data-id=\"4bdfe3d\" data-element_type=\"section\">\n\t\t\t\t\t\t<div class=\"elementor-container elementor-column-gap-default\">\n\t\t\t\t\t<div class=\"elementor-column elementor-col-100 elementor-top-column elementor-element elementor-element-147c1da\" data-id=\"147c1da\" data-element_type=\"column\">\n\t\t\t<div class=\"elementor-widget-wrap elementor-element-populated\">\n\t\t\t\t\t\t\t\t<div class=\"elementor-element elementor-element-5f28a30 elementor-widget elementor-widget-wd_title\" data-id=\"5f28a30\" data-element_type=\"widget\" data-widget_type=\"wd_title.default\">\n\t\t\t\t<div class=\"elementor-widget-container\">\n\t\t\t\t\t\t<link rel=\"stylesheet\" id=\"wd-section-title-css\" href=\"https:\/\/primetaxi.it\/wp-content\/themes\/Travel\/css\/parts\/el-section-title.min.css?ver=1.0.1\" type=\"text\/css\" media=\"all\" \/> \t\t\t\t\t<div class=\"title-wrapper set-mb-s reset-last-child wd-title-color-default wd-title-style-default wd-title-size-default text-left\">\n\n\t\t\t\n\t\t\t<div class=\"liner-continer\">\n\t\t\t\t<h4 class=\"woodmart-title-container title wd-fontsize-l\">Pisa<\/h4> \n\t\t\t\t\t\t\t<\/div>\n\n\t\t\t\t\t<\/div>\n\t\t\t\t<\/div>\n\t\t\t\t<\/div>\n\t\t\t\t<section class=\"wd-negative-gap elementor-section elementor-inner-section elementor-element elementor-element-556de98 elementor-section-content-middle elementor-reverse-mobile elementor-section-boxed elementor-section-height-default elementor-section-height-default wd-section-disabled\" data-id=\"556de98\" data-element_type=\"section\">\n\t\t\t\t\t\t<div class=\"elementor-container elementor-column-gap-default\">\n\t\t\t\t\t<div class=\"elementor-column elementor-col-50 elementor-inner-column elementor-element elementor-element-34cc8ba\" data-id=\"34cc8ba\" data-element_type=\"column\">\n\t\t\t<div class=\"elementor-widget-wrap elementor-element-populated\">\n\t\t\t\t\t\t\t\t<div class=\"elementor-element elementor-element-1da223d color-scheme-inherit text-left elementor-widget elementor-widget-text-editor\" data-id=\"1da223d\" data-element_type=\"widget\" data-widget_type=\"text-editor.default\">\n\t\t\t\t<div class=\"elementor-widget-container\">\n\t\t\t<style>\/*! elementor - v3.11.2 - 22-02-2023 *\/\n.elementor-widget-text-editor.elementor-drop-cap-view-stacked .elementor-drop-cap{background-color:#818a91;color:#fff}.elementor-widget-text-editor.elementor-drop-cap-view-framed .elementor-drop-cap{color:#818a91;border:3px solid;background-color:transparent}.elementor-widget-text-editor:not(.elementor-drop-cap-view-default) .elementor-drop-cap{margin-top:8px}.elementor-widget-text-editor:not(.elementor-drop-cap-view-default) .elementor-drop-cap-letter{width:1em;height:1em}.elementor-widget-text-editor .elementor-drop-cap{float:left;text-align:center;line-height:1;font-size:50px}.elementor-widget-text-editor .elementor-drop-cap-letter{display:inline-block}<\/style>\t\t\t\t<p>Pisa \u00e8 una citt\u00e0 della Toscana, nel centro Italia, che offre una miscela unica di storia, cultura e vita moderna. La citt\u00e0 \u00e8 rinomata per la sua torre pendente, un famoso punto di riferimento che \u00e8 diventato un simbolo iconico dell&#039;Italia. Tuttavia, Pisa ha molto di pi\u00f9 da offrire oltre alla sua torre pendente. La citt\u00e0 ospita numerosi altri monumenti storici, tra cui Piazza dei Miracoli, che \u00e8 patrimonio mondiale dell&#039;UNESCO e ospita la bellissima Cattedrale di Santa Maria Assunta e il Battistero di San Giovanni.<\/p><p>Pisa \u00e8 anche una citt\u00e0 dell&#039;apprendimento, con una delle universit\u00e0 pi\u00f9 antiche d&#039;Europa, l&#039;Universit\u00e0 di Pisa, che attrae in citt\u00e0 un gran numero di studenti. La popolazione studentesca della citt\u00e0 le conferisce un&#039;atmosfera vivace e dinamica, con una fiorente scena culturale che comprende musei, gallerie d&#039;arte e teatri.<br \/>Anche la scena culinaria di Pisa \u00e8 un punto culminante, con una gamma di piatti tradizionali toscani come la ribollita e la bistecca alla fiorentina, oltre a vini di produzione locale come il Chianti e la Vernaccia di San Gimignano. Anche i mercatini di Natale della citt\u00e0 sono un&#039;attrazione popolare, offrendo un&#039;atmosfera festosa e la possibilit\u00e0 di assaggiare le prelibatezze locali.<\/p><p>Nel complesso, Pisa \u00e8 una citt\u00e0 che offre una miscela unica di storia, cultura e vita moderna, rendendola una destinazione imperdibile per i viaggiatori che desiderano sperimentare la bellezza e il fascino della Toscana.<\/p>\t\t\t\t\t\t<\/div>\n\t\t\t\t<\/div>\n\t\t\t\t\t<\/div>\n\t\t<\/div>\n\t\t\t\t<div class=\"elementor-column elementor-col-50 elementor-inner-column elementor-element elementor-element-24efce5\" data-id=\"24efce5\" data-element_type=\"column\">\n\t\t\t<div class=\"elementor-widget-wrap elementor-element-populated\">\n\t\t\t\t\t\t\t\t<div class=\"elementor-element elementor-element-c2e55d6 elementor-widget elementor-widget-image\" data-id=\"c2e55d6\" data-element_type=\"widget\" data-widget_type=\"image.default\">\n\t\t\t\t<div class=\"elementor-widget-container\">\n\t\t\t<style>\/*! elementor - v3.11.2 - 22-02-2023 *\/\n.elementor-widget-image{text-align:center}.elementor-widget-image a{display:inline-block}.elementor-widget-image a img[src$=\".svg\"]{width:48px}.elementor-widget-image img{vertical-align:middle;display:inline-block}<\/style>\t\t\t\t\t\t\t\t\t\t\t\t<img loading=\"lazy\" decoding=\"async\" width=\"960\" height=\"640\" src=\"https:\/\/primetaxi.it\/wp-content\/uploads\/2023\/03\/Pisa.jpg\" class=\"attachment-large size-large wp-image-275\" alt=\"\" srcset=\"https:\/\/primetaxi.it\/wp-content\/uploads\/2023\/03\/Pisa.jpg 960w, https:\/\/primetaxi.it\/wp-content\/uploads\/2023\/03\/Pisa-300x200.jpg 300w, https:\/\/primetaxi.it\/wp-content\/uploads\/2023\/03\/Pisa-768x512.jpg 768w, https:\/\/primetaxi.it\/wp-content\/uploads\/2023\/03\/Pisa-18x12.jpg 18w\" sizes=\"(max-width: 960px) 100vw, 960px\" \/>\t\t\t\t\t\t\t\t\t\t\t\t\t\t\t<\/div>\n\t\t\t\t<\/div>\n\t\t\t\t\t<\/div>\n\t\t<\/div>\n\t\t\t\t\t\t\t<\/div>\n\t\t<\/section>\n\t\t\t\t\t<\/div>\n\t\t<\/div>\n\t\t\t\t\t\t\t<\/div>\n\t\t<\/section>\n\t\t\t\t\t\t\t<\/div>","protected":false},"excerpt":{"rendered":"<p>Pisa Pisa is a city in Tuscany, central Italy, which offers a unique blend of history, culture, and modern life.<\/p>","protected":false},"author":1,"featured_media":0,"parent":0,"menu_order":0,"comment_status":"closed","ping_status":"closed","template":"","meta":{"footnotes":""},"_links":{"self":[{"href":"https:\/\/primetaxi.it\/it\/wp-json\/wp\/v2\/pages\/609"}],"collection":[{"href":"https:\/\/primetaxi.it\/it\/wp-json\/wp\/v2\/pages"}],"about":[{"href":"https:\/\/primetaxi.it\/it\/wp-json\/wp\/v2\/types\/page"}],"author":[{"embeddable":true,"href":"https:\/\/primetaxi.it\/it\/wp-json\/wp\/v2\/users\/1"}],"replies":[{"embeddable":true,"href":"https:\/\/primetaxi.it\/it\/wp-json\/wp\/v2\/comments?post=609"}],"version-history":[{"count":0,"href":"https:\/\/primetaxi.it\/it\/wp-json\/wp\/v2\/pages\/609\/revisions"}],"wp:attachment":[{"href":"https:\/\/primetaxi.it\/it\/wp-json\/wp\/v2\/media?parent=609"}],"curies":[{"name":"wp","href":"https:\/\/api.w.org\/{rel}","templated":true}]}}