{"id":619,"date":"2023-03-12T17:41:10","date_gmt":"2023-03-12T17:41:10","guid":{"rendered":"https:\/\/primetaxi.it\/?page_id=619"},"modified":"2023-04-18T12:13:24","modified_gmt":"2023-04-18T12:13:24","slug":"milan","status":"publish","type":"page","link":"https:\/\/primetaxi.it\/it\/milan\/","title":{"rendered":"Milano"},"content":{"rendered":"<div data-elementor-type=\"wp-page\" data-elementor-id=\"619\" class=\"elementor elementor-619\">\n\t\t\t\t\t\t\t\t\t<section class=\"elementor-section elementor-top-section elementor-element elementor-element-e730858 elementor-section-boxed elementor-section-height-default elementor-section-height-default wd-section-disabled\" data-id=\"e730858\" data-element_type=\"section\">\n\t\t\t\t\t\t<div class=\"elementor-container elementor-column-gap-default\">\n\t\t\t\t\t<div class=\"elementor-column elementor-col-100 elementor-top-column elementor-element elementor-element-044e6e0\" data-id=\"044e6e0\" data-element_type=\"column\">\n\t\t\t<div class=\"elementor-widget-wrap elementor-element-populated\">\n\t\t\t\t\t\t\t\t<div class=\"elementor-element elementor-element-6352e1d elementor-widget elementor-widget-wd_title\" data-id=\"6352e1d\" data-element_type=\"widget\" data-widget_type=\"wd_title.default\">\n\t\t\t\t<div class=\"elementor-widget-container\">\n\t\t\t\t\t\t<link rel=\"stylesheet\" id=\"wd-section-title-css\" href=\"https:\/\/primetaxi.it\/wp-content\/themes\/Travel\/css\/parts\/el-section-title.min.css?ver=1.0.1\" type=\"text\/css\" media=\"all\" \/> \t\t\t\t\t<div class=\"title-wrapper set-mb-s reset-last-child wd-title-color-default wd-title-style-default wd-title-size-default text-left\">\n\n\t\t\t\n\t\t\t<div class=\"liner-continer\">\n\t\t\t\t<h4 class=\"woodmart-title-container title wd-fontsize-l\">Milano<\/h4> \n\t\t\t\t\t\t\t<\/div>\n\n\t\t\t\t\t<\/div>\n\t\t\t\t<\/div>\n\t\t\t\t<\/div>\n\t\t\t\t<section class=\"wd-negative-gap elementor-section elementor-inner-section elementor-element elementor-element-01fc25d elementor-section-content-middle elementor-section-boxed elementor-section-height-default elementor-section-height-default wd-section-disabled\" data-id=\"01fc25d\" data-element_type=\"section\">\n\t\t\t\t\t\t<div class=\"elementor-container elementor-column-gap-default\">\n\t\t\t\t\t<div class=\"elementor-column elementor-col-50 elementor-inner-column elementor-element elementor-element-2e8a5e9\" data-id=\"2e8a5e9\" data-element_type=\"column\">\n\t\t\t<div class=\"elementor-widget-wrap elementor-element-populated\">\n\t\t\t\t\t\t\t\t<div class=\"elementor-element elementor-element-5c3e20e color-scheme-inherit text-left elementor-widget elementor-widget-text-editor\" data-id=\"5c3e20e\" data-element_type=\"widget\" data-widget_type=\"text-editor.default\">\n\t\t\t\t<div class=\"elementor-widget-container\">\n\t\t\t<style>\/*! elementor - v3.11.2 - 22-02-2023 *\/\n.elementor-widget-text-editor.elementor-drop-cap-view-stacked .elementor-drop-cap{background-color:#818a91;color:#fff}.elementor-widget-text-editor.elementor-drop-cap-view-framed .elementor-drop-cap{color:#818a91;border:3px solid;background-color:transparent}.elementor-widget-text-editor:not(.elementor-drop-cap-view-default) .elementor-drop-cap{margin-top:8px}.elementor-widget-text-editor:not(.elementor-drop-cap-view-default) .elementor-drop-cap-letter{width:1em;height:1em}.elementor-widget-text-editor .elementor-drop-cap{float:left;text-align:center;line-height:1;font-size:50px}.elementor-widget-text-editor .elementor-drop-cap-letter{display:inline-block}<\/style>\t\t\t\t<p>Milano \u00e8 una vivace citt\u00e0 del nord Italia, nota per la moda, il design e la ricca storia. La citt\u00e0 ospita molti famosi monumenti, musei e gallerie d&#039;arte, che la rendono una destinazione popolare per i viaggiatori di tutto il mondo.<\/p><p>Uno dei monumenti pi\u00f9 famosi della citt\u00e0 \u00e8 il Duomo di Milano, una magnifica cattedrale che ha impiegato quasi sei secoli per essere completata. I visitatori possono salire in cima alla cattedrale per una vista panoramica della citt\u00e0. Milano ospita anche molti altri monumenti storici, come il Castello Sforzesco e la Chiesa di Santa Maria delle Grazie, che ospita il capolavoro di Leonardo da Vinci, L&#039;Ultima Cena.<br \/>Milano \u00e8 rinomata per la sua scena della moda e del design, con boutique di fascia alta e negozi di stilisti lungo le strade della citt\u00e0. La citt\u00e0 \u00e8 anche sede di numerosi musei e gallerie, come la Pinacoteca di Brera e la Triennale di Milano, che espongono le opere di alcuni dei pi\u00f9 grandi artisti e designer italiani.<\/p><p>Oltre alle sue attrazioni culturali, Milano \u00e8 anche una destinazione culinaria, offrendo una gamma di specialit\u00e0 locali, come il risotto alla milanese (risotto allo zafferano) e il panettone, un tradizionale dolce natalizio. La famosa cultura dell&#039;aperitivo della citt\u00e0 \u00e8 anche un&#039;esperienza da provare per i visitatori, con bar e caffetterie che offrono una vasta gamma di bevande e snack in prima serata.<\/p>\t\t\t\t\t\t<\/div>\n\t\t\t\t<\/div>\n\t\t\t\t\t<\/div>\n\t\t<\/div>\n\t\t\t\t<div class=\"elementor-column elementor-col-50 elementor-inner-column elementor-element elementor-element-7197680\" data-id=\"7197680\" data-element_type=\"column\">\n\t\t\t<div class=\"elementor-widget-wrap elementor-element-populated\">\n\t\t\t\t\t\t\t\t<div class=\"elementor-element elementor-element-2884da0 elementor-widget elementor-widget-image\" data-id=\"2884da0\" data-element_type=\"widget\" data-widget_type=\"image.default\">\n\t\t\t\t<div class=\"elementor-widget-container\">\n\t\t\t<style>\/*! elementor - v3.11.2 - 22-02-2023 *\/\n.elementor-widget-image{text-align:center}.elementor-widget-image a{display:inline-block}.elementor-widget-image a img[src$=\".svg\"]{width:48px}.elementor-widget-image img{vertical-align:middle;display:inline-block}<\/style>\t\t\t\t\t\t\t\t\t\t\t\t<img loading=\"lazy\" decoding=\"async\" width=\"800\" height=\"534\" src=\"https:\/\/primetaxi.it\/wp-content\/uploads\/2023\/03\/Milan.jpg\" class=\"attachment-large size-large wp-image-274\" alt=\"\" srcset=\"https:\/\/primetaxi.it\/wp-content\/uploads\/2023\/03\/Milan.jpg 800w, https:\/\/primetaxi.it\/wp-content\/uploads\/2023\/03\/Milan-300x200.jpg 300w, https:\/\/primetaxi.it\/wp-content\/uploads\/2023\/03\/Milan-768x513.jpg 768w, https:\/\/primetaxi.it\/wp-content\/uploads\/2023\/03\/Milan-18x12.jpg 18w\" sizes=\"(max-width: 800px) 100vw, 800px\" \/>\t\t\t\t\t\t\t\t\t\t\t\t\t\t\t<\/div>\n\t\t\t\t<\/div>\n\t\t\t\t\t<\/div>\n\t\t<\/div>\n\t\t\t\t\t\t\t<\/div>\n\t\t<\/section>\n\t\t\t\t\t<\/div>\n\t\t<\/div>\n\t\t\t\t\t\t\t<\/div>\n\t\t<\/section>\n\t\t\t\t\t\t\t<\/div>","protected":false},"excerpt":{"rendered":"<p>Milan Milan is a vibrant city in northern Italy, known for its fashion, design, and rich history. The city is<\/p>","protected":false},"author":1,"featured_media":0,"parent":0,"menu_order":0,"comment_status":"closed","ping_status":"closed","template":"","meta":{"footnotes":""},"_links":{"self":[{"href":"https:\/\/primetaxi.it\/it\/wp-json\/wp\/v2\/pages\/619"}],"collection":[{"href":"https:\/\/primetaxi.it\/it\/wp-json\/wp\/v2\/pages"}],"about":[{"href":"https:\/\/primetaxi.it\/it\/wp-json\/wp\/v2\/types\/page"}],"author":[{"embeddable":true,"href":"https:\/\/primetaxi.it\/it\/wp-json\/wp\/v2\/users\/1"}],"replies":[{"embeddable":true,"href":"https:\/\/primetaxi.it\/it\/wp-json\/wp\/v2\/comments?post=619"}],"version-history":[{"count":0,"href":"https:\/\/primetaxi.it\/it\/wp-json\/wp\/v2\/pages\/619\/revisions"}],"wp:attachment":[{"href":"https:\/\/primetaxi.it\/it\/wp-json\/wp\/v2\/media?parent=619"}],"curies":[{"name":"wp","href":"https:\/\/api.w.org\/{rel}","templated":true}]}}